{"id":92,"date":"2026-03-05T20:31:06","date_gmt":"2026-03-05T20:31:06","guid":{"rendered":"https:\/\/paalaa.com\/?page_id=92"},"modified":"2026-03-05T21:15:24","modified_gmt":"2026-03-05T21:15:24","slug":"home-2","status":"publish","type":"page","link":"https:\/\/paalaa.com\/","title":{"rendered":"Home"},"content":{"rendered":"\n<div class=\"wp-block-cover alignfull\" style=\"margin-top:0px;margin-bottom:0px;min-height:672px;aspect-ratio:unset;\"><img decoding=\"async\" class=\"wp-block-cover__image-background wp-image-149 size-large\" alt=\"\" src=\"https:\/\/paalaa.com\/wp-content\/themes\/blockskit-business-biz\/assets\/images\/banner-img1.jpg\" data-object-fit=\"cover\"\/><span aria-hidden=\"true\" class=\"wp-block-cover__background has-pure-black-background-color has-background-dim-80 has-background-dim\"><\/span><div class=\"wp-block-cover__inner-container is-layout-flow wp-block-cover-is-layout-flow\">\n<div class=\"wp-block-columns is-layout-flex wp-container-core-columns-is-layout-28f84493 wp-block-columns-is-layout-flex\">\n<div class=\"wp-block-column is-layout-flow wp-block-column-is-layout-flow\" style=\"flex-basis:20%\"><\/div>\n\n\n\n<div class=\"wp-block-column is-layout-flow wp-container-core-column-is-layout-1687fb2a wp-block-column-is-layout-flow\" style=\"flex-basis:60%\">\n<div class=\"wp-block-group has-global-padding is-layout-constrained wp-container-core-group-is-layout-f5f3bcb8 wp-block-group-is-layout-constrained\">\n<h6 class=\"wp-block-heading has-text-align-center\">PAALAA LOGISTICS<\/h6>\n\n\n\n<h2 class=\"wp-block-heading has-text-align-center has-oswald-font-family has-xxxx-large-font-size\"><mark style=\"background-color:rgba(0, 0, 0, 0)\" class=\"has-inline-color has-highlight-color\">MUUTA LOGISTIIKKADATA<\/mark><br> REAALIAIKAISIKSI OPERATIIVISIKSI P\u00c4\u00c4T\u00d6KSiksi<\/h2>\n\n\n\n<div class=\"wp-block-columns is-layout-flex wp-container-core-columns-is-layout-28f84493 wp-block-columns-is-layout-flex\">\n<div class=\"wp-block-column is-layout-flow wp-block-column-is-layout-flow\" style=\"flex-basis:3%\"><\/div>\n\n\n\n<div class=\"wp-block-column is-layout-flow wp-block-column-is-layout-flow\" style=\"flex-basis:94%\">\n<p class=\"has-text-align-center\">Logistiikkatoiminnot nojaavat edelleen manuaaliseen ajoj\u00e4rjestelyyn,<br>hajanaisiin j\u00e4rjestelmiin ja viiv\u00e4styneeseen tietoon.<br>Paalaa muuntaa operatiivisen datan teko\u00e4lypohjaisiksi p\u00e4\u00e4t\u00f6ksiksi,<br>jotka parantavat tehokkuutta ja vapauttavat k\u00e4ytt\u00e4m\u00e4t\u00f6nt\u00e4 kapasiteettia.<\/p>\n<\/div>\n\n\n\n<div class=\"wp-block-column is-layout-flow wp-block-column-is-layout-flow\" style=\"flex-basis:3%\"><\/div>\n<\/div>\n<\/div>\n\n\n\n<div class=\"wp-block-buttons is-content-justification-center is-layout-flex wp-container-core-buttons-is-layout-ca116076 wp-block-buttons-is-layout-flex\">\n<div class=\"wp-block-button\"><a class=\"wp-block-button__link wp-element-button\" href=\"#contact\" style=\"padding-top:16px;padding-right:var(--wp--preset--spacing--small);padding-bottom:16px;padding-left:var(--wp--preset--spacing--small)\">Pyyd\u00e4 demo<\/a><\/div>\n\n\n\n<div class=\"wp-block-button is-style-outline is-style-outline--1\"><a class=\"wp-block-button__link wp-element-button\" style=\"border-width:1px;padding-top:14px;padding-right:var(--wp--preset--spacing--small);padding-bottom:14px;padding-left:var(--wp--preset--spacing--small)\">LUE LIS\u00c4\u00c4<\/a><\/div>\n<\/div>\n<\/div>\n\n\n\n<div class=\"wp-block-column is-layout-flow wp-block-column-is-layout-flow\" style=\"flex-basis:20%\"><\/div>\n<\/div>\n<\/div><\/div>\n\n\n\n<div class=\"wp-block-group is-style-default has-secondary-accent-color has-foreground-background-color has-text-color has-background has-link-color wp-elements-050e6708b3e9a8195d11a15c4fc359cb has-global-padding is-layout-constrained wp-block-group-is-layout-constrained\">\n<h1 class=\"wp-block-heading has-text-align-center has-accent-text-color has-text-color has-link-color wp-elements-5bdef9eae05c1a26dfa779fa317a038b\" style=\"margin-top:var(--wp--preset--spacing--xx-large);margin-bottom:var(--wp--preset--spacing--xx-large)\">Logistiikan operatiiviset haasteet<\/h1>\n\n\n\n<div class=\"wp-block-columns is-layout-flex wp-container-core-columns-is-layout-41e83e9d wp-block-columns-is-layout-flex\" style=\"margin-top:var(--wp--preset--spacing--x-large);margin-bottom:var(--wp--preset--spacing--x-large);padding-top:var(--wp--preset--spacing--xx-small);padding-bottom:var(--wp--preset--spacing--xx-small)\">\n<div class=\"wp-block-column is-layout-flow wp-block-column-is-layout-flow\">\n<h2 class=\"wp-block-heading has-accent-color has-text-color has-link-color wp-elements-1d03868b9dbfabc635bb6bb19356f62f\">Manuaaliset prosessit<\/h2>\n\n\n\n<p>Tiimit k\u00e4ytt\u00e4v\u00e4t aikaa toistuviin manuaalisiin teht\u00e4viin ja tehottomiin ty\u00f6nkulkuihin.<\/p>\n<\/div>\n\n\n\n<div class=\"wp-block-column is-layout-flow wp-block-column-is-layout-flow\">\n<h2 class=\"wp-block-heading has-accent-color has-text-color has-link-color wp-elements-9b15c4a03acb6b4cf18236df4e064679\">N\u00e4kyvyyden puute<\/h2>\n\n\n\n<p>Organisaatioiden on vaikea saada selke\u00e4\u00e4 kokonaiskuvaa siit\u00e4, mihin aika ja resurssit kuluvat.<\/p>\n<\/div>\n\n\n\n<div class=\"wp-block-column is-layout-flow wp-block-column-is-layout-flow\">\n<h2 class=\"wp-block-heading has-accent-color has-text-color has-link-color wp-elements-a5e7635862bfabac7c3330518956df3d\">Operatiivinen tehottomuus<\/h2>\n\n\n\n<p>Irralliset prosessit hidastavat tiimien toimintaa ja heikent\u00e4v\u00e4t tuottavuutta.<\/p>\n<\/div>\n<\/div>\n\n\n\n<h1 class=\"wp-block-heading has-text-align-center has-accent-text-color has-text-color has-link-color wp-elements-602a11d6f4772c2491775c39774a7bf0\" style=\"margin-top:var(--wp--preset--spacing--xx-large);margin-right:0;margin-bottom:var(--wp--preset--spacing--xx-large);margin-left:0\">Miten Paalaa parantaa logistiikan operaatioita<\/h1>\n\n\n\n<div class=\"wp-block-columns is-layout-flex wp-container-core-columns-is-layout-28f84493 wp-block-columns-is-layout-flex\">\n<div class=\"wp-block-column is-layout-flow wp-block-column-is-layout-flow\">\n<h2 class=\"wp-block-heading has-accent-color has-text-color has-link-color wp-elements-35d4192eb3d8ba2f52f112e26947a114\">Nopeammat toiminnot<\/h2>\n\n\n\n<p>Sujuvoitetut ty\u00f6nkulut auttavat tiimej\u00e4 suorittamaan teht\u00e4v\u00e4t tehokkaammin.<\/p>\n<\/div>\n\n\n\n<div class=\"wp-block-column is-layout-flow wp-block-column-is-layout-flow\">\n<h2 class=\"wp-block-heading has-accent-color has-text-color has-link-color wp-elements-9a288c376cb5fe86027de58bc6b66659\">Parempi n\u00e4kyvyys<\/h2>\n\n\n\n<p>Selke\u00e4 n\u00e4kym\u00e4 operaatioihin auttaa tunnistamaan kehityskohteita.<\/p>\n<\/div>\n\n\n\n<div class=\"wp-block-column is-layout-flow wp-block-column-is-layout-flow\">\n<h2 class=\"wp-block-heading has-accent-color has-text-color has-link-color wp-elements-a03fdaee7d379710fe1faf0e54b28f43\">Parempi tuottavuus<\/h2>\n\n\n\n<p>Tiimit k\u00e4ytt\u00e4v\u00e4t v\u00e4hemm\u00e4n aikaa toistuviin teht\u00e4viin ja voivat keskitty\u00e4 enemm\u00e4n lis\u00e4arvoa tuottavaan ty\u00f6h\u00f6n.<\/p>\n<\/div>\n<\/div>\n\n\n\n<h2 class=\"wp-block-heading has-text-align-center has-accent-text-color has-foreground-background-color has-text-color has-background has-link-color wp-elements-3da0aded7c67f04c064653714ff71538\" style=\"margin-top:var(--wp--preset--spacing--small);margin-bottom:var(--wp--preset--spacing--small)\">Tiimimme<\/h2>\n\n\n\n<div class=\"wp-block-columns is-layout-flex wp-container-core-columns-is-layout-28f84493 wp-block-columns-is-layout-flex\">\n<div class=\"wp-block-column is-layout-flow wp-block-column-is-layout-flow\">\n<figure class=\"wp-block-image size-medium is-resized\"><img loading=\"lazy\" decoding=\"async\" width=\"300\" height=\"300\" src=\"https:\/\/paalaa.com\/wp-content\/uploads\/2026\/03\/santari-1-300x300.png\" alt=\"\" class=\"wp-image-42\" style=\"aspect-ratio:1;object-fit:cover;width:300px\" srcset=\"https:\/\/paalaa.com\/wp-content\/uploads\/2026\/03\/santari-1-300x300.png 300w, https:\/\/paalaa.com\/wp-content\/uploads\/2026\/03\/santari-1-150x150.png 150w, https:\/\/paalaa.com\/wp-content\/uploads\/2026\/03\/santari-1-768x768.png 768w, https:\/\/paalaa.com\/wp-content\/uploads\/2026\/03\/santari-1.png 800w\" sizes=\"auto, (max-width: 300px) 100vw, 300px\" \/><\/figure>\n\n\n\n<h2 class=\"wp-block-heading has-accent-text-color has-text-color has-link-color wp-elements-9113a9fe781071de7dec0f90ea034273\">Santeri Luoma<\/h2>\n\n\n\n<p><strong>CEO &amp; Co-founder<\/strong><\/p>\n\n\n\n<p>Background in product<br>focused GTM and<br>operational leadership, with<br>experience in ERP domains<br>and early-stage company<br>building.<\/p>\n<\/div>\n\n\n\n<div class=\"wp-block-column is-layout-flow wp-block-column-is-layout-flow\">\n<figure class=\"wp-block-image size-full is-resized\"><img loading=\"lazy\" decoding=\"async\" width=\"185\" height=\"185\" src=\"https:\/\/paalaa.com\/wp-content\/uploads\/2026\/03\/jani-2.jpg\" alt=\"\" class=\"wp-image-43\" style=\"aspect-ratio:1;object-fit:cover;width:300px\" srcset=\"https:\/\/paalaa.com\/wp-content\/uploads\/2026\/03\/jani-2.jpg 185w, https:\/\/paalaa.com\/wp-content\/uploads\/2026\/03\/jani-2-150x150.jpg 150w\" sizes=\"auto, (max-width: 185px) 100vw, 185px\" \/><\/figure>\n\n\n\n<h2 class=\"wp-block-heading has-accent-text-color has-text-color has-link-color wp-elements-93641c36ebfdc2bd64d6bb34fde499f9\"><strong>Jani Kuula<\/strong><\/h2>\n\n\n\n<p><strong>CTO &amp; Co-founder<\/strong><\/p>\n\n\n\n<p>Entrepreneur since 2010 with an exit in 2017. Background includes leadership<br>roles in IT and AI-related projects<br>across industrial, transportation and<br>enterprise environments.<\/p>\n<\/div>\n\n\n\n<div class=\"wp-block-column is-layout-flow wp-block-column-is-layout-flow\">\n<figure class=\"wp-block-image size-medium is-resized\"><img loading=\"lazy\" decoding=\"async\" width=\"300\" height=\"300\" src=\"https:\/\/paalaa.com\/wp-content\/uploads\/2026\/03\/Sakari-Soini-1-300x300.jpg\" alt=\"\" class=\"wp-image-44\" style=\"aspect-ratio:0.8208333333333333;object-fit:cover;width:210px;height:auto\" srcset=\"https:\/\/paalaa.com\/wp-content\/uploads\/2026\/03\/Sakari-Soini-1-300x300.jpg 300w, https:\/\/paalaa.com\/wp-content\/uploads\/2026\/03\/Sakari-Soini-1-150x150.jpg 150w, https:\/\/paalaa.com\/wp-content\/uploads\/2026\/03\/Sakari-Soini-1.jpg 323w\" sizes=\"auto, (max-width: 300px) 100vw, 300px\" \/><\/figure>\n\n\n\n<h2 class=\"wp-block-heading has-accent-text-color has-text-color has-link-color wp-elements-d08c92aaab5d0fe14d29c23f99b21b12\"><strong>Sakari Soini<\/strong><\/h2>\n\n\n\n<p><strong>Advisor<\/strong><\/p>\n\n\n\n<p>Established entrepreneur<br>with successful US exit in<br>MedTech, scaling from<br>early stage to exit. Long<br>experience in Operational,<br>team and technology<br>management.<\/p>\n<\/div>\n\n\n\n<div class=\"wp-block-column is-layout-flow wp-block-column-is-layout-flow\">\n<figure class=\"wp-block-image size-medium is-resized\"><img loading=\"lazy\" decoding=\"async\" width=\"300\" height=\"300\" src=\"https:\/\/paalaa.com\/wp-content\/uploads\/2026\/03\/tinbit-1-300x300.jpg\" alt=\"\" class=\"wp-image-45\" style=\"aspect-ratio:1;object-fit:cover;width:300px\" srcset=\"https:\/\/paalaa.com\/wp-content\/uploads\/2026\/03\/tinbit-1-300x300.jpg 300w, https:\/\/paalaa.com\/wp-content\/uploads\/2026\/03\/tinbit-1-150x150.jpg 150w, https:\/\/paalaa.com\/wp-content\/uploads\/2026\/03\/tinbit-1-768x768.jpg 768w, https:\/\/paalaa.com\/wp-content\/uploads\/2026\/03\/tinbit-1.jpg 800w\" sizes=\"auto, (max-width: 300px) 100vw, 300px\" \/><\/figure>\n\n\n\n<h2 class=\"wp-block-heading has-accent-text-color has-text-color has-link-color wp-elements-14588c8a4a3097e3104f596f6d20b64b\"><strong>Tinbit Belay<\/strong><\/h2>\n\n\n\n<p><strong>Founding Software Engineer<\/strong><\/p>\n\n\n\n<p>Full-stack developer with 10+ years of experience in system design, scalable software architecture, and modern web technologies. Experienced in building SaaS and ERP platforms and developing reliable systems that support complex business operations in product-driven technology environments.<\/p>\n<\/div>\n<\/div>\n\n\n\n<h2 class=\"wp-block-heading has-text-align-center has-accent-text-color has-foreground-background-color has-text-color has-background has-link-color wp-elements-6563e5aef0a39e2b666f2e6b31a71a55\" id=\"contact\">Ota yhteytt\u00e4<\/h2>\n\n\n\n<p class=\"has-text-align-center\">Santeri Luoma<br>Toimitusjohtaja &amp; perustajaj\u00e4sen<br>S\u00e4hk\u00f6posti: santeri.luoma@paalaa.com<br>Puhelin: +358 404119781<\/p>\n\n\n\n<p class=\"has-text-align-center\" style=\"margin-top:var(--wp--preset--spacing--x-large);margin-bottom:var(--wp--preset--spacing--x-large)\"><strong>Kiinnostunut operatiivisen tehokkuuden parantamisesta?<br>Ota yhteytt\u00e4 tiimiimme.<\/strong><\/p>\n\n\n\n<div class=\"wp-block-contact-form-7-contact-form-selector\">\n<div class=\"wpcf7 no-js\" id=\"wpcf7-f33-o1\" lang=\"en-GB\" dir=\"ltr\" data-wpcf7-id=\"33\">\n<div class=\"screen-reader-response\"><p role=\"status\" aria-live=\"polite\" aria-atomic=\"true\"><\/p> <ul><\/ul><\/div>\n<form action=\"\/index.php?rest_route=%2Fwp%2Fv2%2Fpages%2F92#wpcf7-f33-o1\" method=\"post\" class=\"wpcf7-form init\" aria-label=\"Contact form\" novalidate=\"novalidate\" data-status=\"init\">\n<fieldset class=\"hidden-fields-container\"><input type=\"hidden\" name=\"_wpcf7\" value=\"33\" \/><input type=\"hidden\" name=\"_wpcf7_version\" value=\"6.1.5\" \/><input type=\"hidden\" name=\"_wpcf7_locale\" value=\"en_GB\" \/><input type=\"hidden\" name=\"_wpcf7_unit_tag\" value=\"wpcf7-f33-o1\" \/><input type=\"hidden\" name=\"_wpcf7_container_post\" value=\"0\" \/><input type=\"hidden\" name=\"_wpcf7_posted_data_hash\" value=\"\" \/>\n<\/fieldset>\n<p><label> Nimesi<br \/>\n<span class=\"wpcf7-form-control-wrap\" data-name=\"your-name\"><input size=\"40\" maxlength=\"400\" class=\"wpcf7-form-control wpcf7-text wpcf7-validates-as-required\" autocomplete=\"name\" aria-required=\"true\" aria-invalid=\"false\" value=\"\" type=\"text\" name=\"your-name\" \/><\/span> <\/label>\n<\/p>\n<p><label> S\u00e4hk\u00f6postisi<br \/>\n<span class=\"wpcf7-form-control-wrap\" data-name=\"your-email\"><input size=\"40\" maxlength=\"400\" class=\"wpcf7-form-control wpcf7-email wpcf7-validates-as-required wpcf7-text wpcf7-validates-as-email\" autocomplete=\"email\" aria-required=\"true\" aria-invalid=\"false\" value=\"\" type=\"email\" name=\"your-email\" \/><\/span> <\/label>\n<\/p>\n<p><label> Aihe<br \/>\n<span class=\"wpcf7-form-control-wrap\" data-name=\"your-subject\"><input size=\"40\" maxlength=\"400\" class=\"wpcf7-form-control wpcf7-text wpcf7-validates-as-required\" aria-required=\"true\" aria-invalid=\"false\" value=\"\" type=\"text\" name=\"your-subject\" \/><\/span> <\/label>\n<\/p>\n<p><label> Viestisi (valinnainen)<br \/>\n<span class=\"wpcf7-form-control-wrap\" data-name=\"your-message\"><textarea cols=\"40\" rows=\"10\" maxlength=\"2000\" class=\"wpcf7-form-control wpcf7-textarea\" aria-invalid=\"false\" name=\"your-message\"><\/textarea><\/span> <\/label>\n<\/p>\n<p><input class=\"wpcf7-form-control wpcf7-submit has-spinner\" type=\"submit\" value=\"L\u00e4het\u00e4\" \/>\n<\/p><div class=\"wpcf7-response-output\" aria-hidden=\"true\"><\/div>\n<\/form>\n<\/div>\n<\/div>\n<\/div>\n","protected":false},"excerpt":{"rendered":"<p>Logistiikan operatiiviset haasteet Manuaaliset prosessit Tiimit k\u00e4ytt\u00e4v\u00e4t aikaa toistuviin manuaalisiin teht\u00e4viin ja tehottomiin ty\u00f6nkulkuihin. N\u00e4kyvyyden puute Organisaatioiden on vaikea saada selke\u00e4\u00e4 kokonaiskuvaa siit\u00e4, mihin aika ja resurssit kuluvat. Operatiivinen tehottomuus Irralliset prosessit hidastavat tiimien toimintaa ja heikent\u00e4v\u00e4t tuottavuutta. Miten Paalaa parantaa logistiikan operaatioita Nopeammat toiminnot Sujuvoitetut ty\u00f6nkulut auttavat tiimej\u00e4 suorittamaan teht\u00e4v\u00e4t tehokkaammin. Parempi n\u00e4kyvyys Selke\u00e4 [&hellip;]<\/p>\n","protected":false},"author":2,"featured_media":0,"parent":0,"menu_order":0,"comment_status":"closed","ping_status":"closed","template":"full-width","meta":{"footnotes":""},"class_list":["post-92","page","type-page","status-publish","hentry"],"_links":{"self":[{"href":"https:\/\/paalaa.com\/index.php?rest_route=\/wp\/v2\/pages\/92","targetHints":{"allow":["GET"]}}],"collection":[{"href":"https:\/\/paalaa.com\/index.php?rest_route=\/wp\/v2\/pages"}],"about":[{"href":"https:\/\/paalaa.com\/index.php?rest_route=\/wp\/v2\/types\/page"}],"author":[{"embeddable":true,"href":"https:\/\/paalaa.com\/index.php?rest_route=\/wp\/v2\/users\/2"}],"replies":[{"embeddable":true,"href":"https:\/\/paalaa.com\/index.php?rest_route=%2Fwp%2Fv2%2Fcomments&post=92"}],"version-history":[{"count":11,"href":"https:\/\/paalaa.com\/index.php?rest_route=\/wp\/v2\/pages\/92\/revisions"}],"predecessor-version":[{"id":116,"href":"https:\/\/paalaa.com\/index.php?rest_route=\/wp\/v2\/pages\/92\/revisions\/116"}],"wp:attachment":[{"href":"https:\/\/paalaa.com\/index.php?rest_route=%2Fwp%2Fv2%2Fmedia&parent=92"}],"curies":[{"name":"wp","href":"https:\/\/api.w.org\/{rel}","templated":true}]}}